{"id":1426,"date":"2025-02-04T12:49:26","date_gmt":"2025-02-04T12:49:26","guid":{"rendered":"https:\/\/mindsofresearch.com\/index.php\/homepage-2\/"},"modified":"2025-08-06T06:11:22","modified_gmt":"2025-08-06T06:11:22","slug":"mind-sof-research","status":"publish","type":"page","link":"https:\/\/mindsofresearch.com\/","title":{"rendered":"Mind Sof Research"},"content":{"rendered":"\n<div style=\"background-color:#000000;padding-left:8%;padding-right:8%;padding-bottom:30%;padding-top:30%\" class=\"wp-block-genesis-blocks-gb-container narrow-content light-text gb-block-container alignfull\"><div class=\"gb-container-inside\"><div class=\"gb-container-image-wrap\"><img decoding=\"async\" class=\"gb-container-image has-background-dim-20 has-background-dim\" src=\"http:\/\/mindsofresearch.com\/wp-content\/uploads\/2025\/03\/MsR-front-safak-batura-scaled.jpg\" alt=\"\"\/><\/div><div class=\"gb-container-content\" style=\"max-width:1200px\">\n<h2 class=\"wp-block-heading bold-text fade-in-up has-secondary-color has-text-color has-link-color has-x-large-font-size wp-elements-f1f195a405adc9de9615d5cee566d7ad\" style=\"font-style:normal;font-weight:200\">Gesti\u00f3n emocional efectiva.<\/h2>\n\n\n\n<p class=\"fade-in-up has-text-color has-medium-font-size\" style=\"color:#ffffff\">Mind Sof Research es un estudio creativo. A trav\u00e9s del entrenamiento, la PNL y el misticismo de la C\u00e1bala, investigamos el potencial para el desarrollo humano.<\/p>\n<\/div><\/div><\/div>\n\n\n\n<div style=\"padding-left:8%;padding-right:8%;padding-bottom:10%;padding-top:10%\" class=\"wp-block-genesis-blocks-gb-container fade-in-up gb-block-container alignfull\"><div class=\"gb-container-inside\"><div class=\"gb-container-content\" style=\"max-width:1200px\">\n<h2 class=\"wp-block-heading bold-text fade-in-up\" style=\"font-style:normal;font-weight:200\">Construimos experiencia.<\/h2>\n\n\n\n<p class=\"fade-in-up\">Un enfoque minimalista es la \u00fanica manera de desarrollar nuestros servicios.<\/p>\n\n\n\n<hr class=\"wp-block-separator has-css-opacity is-style-default fade-in-up\"\/>\n\n\n\n<div class=\"wp-block-columns has-3-columns fade-in-up is-layout-flex wp-container-core-columns-is-layout-9d6595d7 wp-block-columns-is-layout-flex\">\n<div class=\"wp-block-column is-layout-flow wp-block-column-is-layout-flow\">\n<h3 class=\"wp-block-heading\">Hernan.coach<\/h3>\n\n\n\n<p class=\"has-normal-font-size\">Aprenda a aplicar PNL y Kabbalah a trav\u00e9s de un proceso de entrenamiento preciso, r\u00e1pido y efectivo a trav\u00e9s de cursos o sesiones personales.<\/p>\n\n\n\n<div class=\"wp-block-buttons is-content-justification-left is-layout-flex wp-container-core-buttons-is-layout-fdcfc74e wp-block-buttons-is-layout-flex\">\n<div class=\"wp-block-button\"><a class=\"wp-block-button__link has-background wp-element-button\" href=\"https:\/\/hernan.coach\" style=\"background-color:#000000\" target=\"_blank\" rel=\"noreferrer noopener\">CONSIGUE TU SESI\u00d3N<\/a><\/div>\n<\/div>\n<\/div>\n\n\n\n<div class=\"wp-block-column is-layout-flow wp-block-column-is-layout-flow\">\n<h3 class=\"wp-block-heading\">El septimo palacio<\/h3>\n\n\n\n<p class=\"has-normal-font-size\">Podcast centrado en compartir estrategias de PNL, Coaching y Kabbalah de f\u00e1cil aplicaci\u00f3n en la vida cotidiana.<\/p>\n\n\n\n<div class=\"wp-block-buttons is-content-justification-left is-layout-flex wp-container-core-buttons-is-layout-fdcfc74e wp-block-buttons-is-layout-flex\">\n<div class=\"wp-block-button\"><a class=\"wp-block-button__link has-background wp-element-button\" href=\"https:\/\/septimopalacio.com\" style=\"background-color:#000000\" target=\"_blank\" rel=\"noreferrer noopener\">VER EL PODCAST<\/a><\/div>\n<\/div>\n<\/div>\n\n\n\n<div class=\"wp-block-column is-layout-flow wp-block-column-is-layout-flow\">\n<h3 class=\"wp-block-heading\">\u00bfTIENE ALGUNA PREGUNTA?<\/h3>\n\n\n\n<p class=\"has-normal-font-size\">\u00bfTienes dudas sobre por d\u00f3nde empezar con tu proceso de coaching? Puedes escribirnos un correo electr\u00f3nico.<\/p>\n\n\n\n<div class=\"wp-block-buttons is-content-justification-left is-layout-flex wp-container-core-buttons-is-layout-fdcfc74e wp-block-buttons-is-layout-flex\">\n<div class=\"wp-block-button\"><a class=\"wp-block-button__link has-background wp-element-button\" href=\"mailto:info@mindsofresearch.com\" style=\"background-color:#000000\" target=\"_blank\" rel=\"noreferrer noopener\">CONT\u00c1CTENOS<\/a><\/div>\n<\/div>\n<\/div>\n<\/div>\n<\/div><\/div><\/div>\n","protected":false},"excerpt":{"rendered":"","protected":false},"author":1,"featured_media":0,"parent":0,"menu_order":0,"comment_status":"closed","ping_status":"closed","template":"","meta":{"_genesis_hide_title":true,"_genesis_hide_breadcrumbs":true,"_genesis_hide_singular_image":true,"_genesis_hide_footer_widgets":false,"_genesis_custom_body_class":"","_genesis_custom_post_class":"","_genesis_layout":"full-width-content","footnotes":""},"class_list":{"0":"post-1426","1":"page","2":"type-page","3":"status-publish","5":"entry"},"featured_image_src":null,"featured_image_src_square":null,"_links":{"self":[{"href":"https:\/\/mindsofresearch.com\/index.php\/wp-json\/wp\/v2\/pages\/1426","targetHints":{"allow":["GET"]}}],"collection":[{"href":"https:\/\/mindsofresearch.com\/index.php\/wp-json\/wp\/v2\/pages"}],"about":[{"href":"https:\/\/mindsofresearch.com\/index.php\/wp-json\/wp\/v2\/types\/page"}],"author":[{"embeddable":true,"href":"https:\/\/mindsofresearch.com\/index.php\/wp-json\/wp\/v2\/users\/1"}],"replies":[{"embeddable":true,"href":"https:\/\/mindsofresearch.com\/index.php\/wp-json\/wp\/v2\/comments?post=1426"}],"version-history":[{"count":17,"href":"https:\/\/mindsofresearch.com\/index.php\/wp-json\/wp\/v2\/pages\/1426\/revisions"}],"predecessor-version":[{"id":1489,"href":"https:\/\/mindsofresearch.com\/index.php\/wp-json\/wp\/v2\/pages\/1426\/revisions\/1489"}],"wp:attachment":[{"href":"https:\/\/mindsofresearch.com\/index.php\/wp-json\/wp\/v2\/media?parent=1426"}],"curies":[{"name":"wp","href":"https:\/\/api.w.org\/{rel}","templated":true}]}}